{"id":1529,"date":"2026-03-12T16:58:38","date_gmt":"2026-03-12T15:58:38","guid":{"rendered":"https:\/\/www.potipotin.fr\/?post_type=product&#038;p=1529"},"modified":"2026-03-12T17:47:59","modified_gmt":"2026-03-12T16:47:59","slug":"affiche-mes-premieres-fois","status":"publish","type":"product","link":"https:\/\/www.potipotin.fr\/index.php\/produit\/affiche-mes-premieres-fois\/","title":{"rendered":"Affiche \u00ab\u00a0mes premi\u00e8res fois\u00a0\u00bb"},"content":{"rendered":"<p data-path-to-node=\"3\"><b data-path-to-node=\"3\" data-index-in-node=\"0\">L\u2019Affiche \u00ab\u00a0Mes Premi\u00e8res Fois\u00a0\u00bb \u2013 Le journal mural de ses premi\u00e8res exp\u00e9riences<\/b><\/p>\n<p data-path-to-node=\"4\">Le premier sourire, la premi\u00e8re dent, les premiers pas&#8230; Les premiers moments de b\u00e9b\u00e9 sont une succession de moments magiques qui passent trop vite. Gardez une trace ind\u00e9l\u00e9bile de ces \u00e9tapes pr\u00e9cieuses avec cette affiche d\u00e9corative et interactive 100% dessin\u00e9 par Pessaro et imagin\u00e9e par Potipotin. Con\u00e7ue pour durer, elle transforme les souvenirs de votre enfant en une v\u00e9ritable \u0153uvre d&rsquo;art personnalis\u00e9e.<\/p>\n<p data-path-to-node=\"5\">Chaque affiche est une pi\u00e8ce unique qui accompagnera l&rsquo;\u00e9volution de votre tout-petit, mois apr\u00e8s mois.<\/p>\n<h3 data-path-to-node=\"6\">Pourquoi choisir notre affiche \u00ab\u00a0Mes premi\u00e8res fois\u00a0\u00bb ?<\/h3>\n<ul data-path-to-node=\"7\">\n<li>\n<p data-path-to-node=\"7,0,0\"><b data-path-to-node=\"7,0,0\" data-index-in-node=\"0\">Un Souvenir Interactif :<\/b> Notez directement sur l&rsquo;affiche les dates des grandes \u00e9tapes (Ma premi\u00e8re nuit, Mon premier Papa,&#8230;) pour ne jamais les oublier.<\/p>\n<\/li>\n<li>\n<p data-path-to-node=\"7,1,0\"><b data-path-to-node=\"7,1,0\" data-index-in-node=\"0\">Finition Premium Potipotin :<\/b> Le support est imprim\u00e9 sur un papier <b data-path-to-node=\"7,1,0\" data-index-in-node=\"66\">250g<\/b> de haute qualit\u00e9.<\/p>\n<\/li>\n<li>\n<p data-path-to-node=\"7,3,0\"><b data-path-to-node=\"7,3,0\" data-index-in-node=\"0\">S\u00e9curit\u00e9 &amp; Esth\u00e9tique :<\/b> Comme toutes nos cr\u00e9ations, les coins sont arrondis pour une finition douce et une manipulation sans risque.<\/p>\n<\/li>\n<\/ul>\n<h3 data-path-to-node=\"8\">Choisissez votre format :<\/h3>\n<ul data-path-to-node=\"9\">\n<li>\n<p data-path-to-node=\"9,0,0\"><b data-path-to-node=\"9,0,0\" data-index-in-node=\"0\">Format PDF (Num\u00e9rique) :<\/b> Recevez votre affiche personnalis\u00e9e par e-mail sous 72 heures. Id\u00e9al pour imprimer vous-m\u00eame sur le support de votre choix ou pour un cadeau de derni\u00e8re minute.<\/p>\n<\/li>\n<li>\n<p data-path-to-node=\"9,1,0\"><b data-path-to-node=\"9,1,0\" data-index-in-node=\"0\">Affiche Seule :<\/b> L\u2019affiche pr\u00eate \u00e0 l\u2019emploi, \u00e0 compl\u00e9ter au fur et \u00e0 mesure des exploits de b\u00e9b\u00e9.<\/p>\n<\/li>\n<li>\n<p data-path-to-node=\"9,2,0\"><b data-path-to-node=\"9,2,0\" data-index-in-node=\"0\">Pack \u00ab Pr\u00eat \u00e0 Offrir \u00bb (Affiche + Cadre) :<\/b> Nous vous simplifions la vie ! L&rsquo;affiche est mont\u00e9e dans un cadre \u00e9l\u00e9gant (Blanc ou Bois selon stocks).<\/p>\n<\/li>\n<\/ul>\n<h3 data-path-to-node=\"10\">Choisissez votre couleur :<\/h3>\n<p data-path-to-node=\"11\"><b data-path-to-node=\"11\" data-index-in-node=\"0\">Rose, Bleu, Vert ou Beige.<\/b><\/p>\n<h3 data-path-to-node=\"12\">Comment personnaliser votre commande ?<\/h3>\n<p data-path-to-node=\"13\">Lors de la commande, merci de me pr\u00e9ciser le pr\u00e9nom et la date de naissance de l&rsquo;enfant dans la zone \u00ab commentaires \u00bb<\/p>\n","protected":false},"excerpt":{"rendered":"<p>L\u2019Affiche \u00ab\u00a0Mes Premi\u00e8res Fois\u00a0\u00bb \u2013 Le journal mural de ses premi\u00e8res exp\u00e9riences Le premier sourire, la premi\u00e8re dent, les premiers pas&#8230; Les premiers moments de b\u00e9b\u00e9 sont une succession de moments magiques qui passent trop vite. Gardez une trace ind\u00e9l\u00e9bile de ces \u00e9tapes pr\u00e9cieuses avec cette affiche d\u00e9corative et interactive 100% dessin\u00e9 par Pessaro et [&hellip;]<\/p>\n","protected":false},"featured_media":1533,"comment_status":"open","ping_status":"closed","template":"","meta":{"ocean_post_layout":"","ocean_both_sidebars_style":"","ocean_both_sidebars_content_width":0,"ocean_both_sidebars_sidebars_width":0,"ocean_sidebar":"0","ocean_second_sidebar":"0","ocean_disable_margins":"enable","ocean_add_body_class":"","ocean_shortcode_before_top_bar":"","ocean_shortcode_after_top_bar":"","ocean_shortcode_before_header":"","ocean_shortcode_after_header":"","ocean_has_shortcode":"","ocean_shortcode_after_title":"","ocean_shortcode_before_footer_widgets":"","ocean_shortcode_after_footer_widgets":"","ocean_shortcode_before_footer_bottom":"","ocean_shortcode_after_footer_bottom":"","ocean_display_top_bar":"default","ocean_display_header":"default","ocean_header_style":"","ocean_center_header_left_menu":"0","ocean_custom_header_template":"0","ocean_custom_logo":0,"ocean_custom_retina_logo":0,"ocean_custom_logo_max_width":0,"ocean_custom_logo_tablet_max_width":0,"ocean_custom_logo_mobile_max_width":0,"ocean_custom_logo_max_height":0,"ocean_custom_logo_tablet_max_height":0,"ocean_custom_logo_mobile_max_height":0,"ocean_header_custom_menu":"0","ocean_menu_typo_font_family":"0","ocean_menu_typo_font_subset":"","ocean_menu_typo_font_size":0,"ocean_menu_typo_font_size_tablet":0,"ocean_menu_typo_font_size_mobile":0,"ocean_menu_typo_font_size_unit":"px","ocean_menu_typo_font_weight":"","ocean_menu_typo_font_weight_tablet":"","ocean_menu_typo_font_weight_mobile":"","ocean_menu_typo_transform":"","ocean_menu_typo_transform_tablet":"","ocean_menu_typo_transform_mobile":"","ocean_menu_typo_line_height":0,"ocean_menu_typo_line_height_tablet":0,"ocean_menu_typo_line_height_mobile":0,"ocean_menu_typo_line_height_unit":"","ocean_menu_typo_spacing":0,"ocean_menu_typo_spacing_tablet":0,"ocean_menu_typo_spacing_mobile":0,"ocean_menu_typo_spacing_unit":"","ocean_menu_link_color":"","ocean_menu_link_color_hover":"","ocean_menu_link_color_active":"","ocean_menu_link_background":"","ocean_menu_link_hover_background":"","ocean_menu_link_active_background":"","ocean_menu_social_links_bg":"","ocean_menu_social_hover_links_bg":"","ocean_menu_social_links_color":"","ocean_menu_social_hover_links_color":"","ocean_disable_title":"default","ocean_disable_heading":"default","ocean_post_title":"","ocean_post_subheading":"","ocean_post_title_style":"","ocean_post_title_background_color":"","ocean_post_title_background":0,"ocean_post_title_bg_image_position":"","ocean_post_title_bg_image_attachment":"","ocean_post_title_bg_image_repeat":"","ocean_post_title_bg_image_size":"","ocean_post_title_height":0,"ocean_post_title_bg_overlay":0.5,"ocean_post_title_bg_overlay_color":"","ocean_disable_breadcrumbs":"default","ocean_breadcrumbs_color":"","ocean_breadcrumbs_separator_color":"","ocean_breadcrumbs_links_color":"","ocean_breadcrumbs_links_hover_color":"","ocean_display_footer_widgets":"default","ocean_display_footer_bottom":"default","ocean_custom_footer_template":"0","omw_enable_modal_window":"enable"},"product_brand":[],"product_cat":[42,32],"product_tag":[],"class_list":{"0":"post-1529","1":"product","2":"type-product","3":"status-publish","4":"has-post-thumbnail","6":"product_cat-papeterie","7":"product_cat-support-mural","9":"entry","10":"has-media","12":"first","13":"instock","14":"shipping-taxable","15":"purchasable","16":"product-type-variable","17":"has-product-nav","18":"col","19":"span_1_of_3","20":"owp-content-center","21":"owp-thumbs-layout-horizontal","22":"owp-btn-normal","23":"owp-tabs-layout-horizontal"},"_links":{"self":[{"href":"https:\/\/www.potipotin.fr\/index.php\/wp-json\/wp\/v2\/product\/1529","targetHints":{"allow":["GET"]}}],"collection":[{"href":"https:\/\/www.potipotin.fr\/index.php\/wp-json\/wp\/v2\/product"}],"about":[{"href":"https:\/\/www.potipotin.fr\/index.php\/wp-json\/wp\/v2\/types\/product"}],"replies":[{"embeddable":true,"href":"https:\/\/www.potipotin.fr\/index.php\/wp-json\/wp\/v2\/comments?post=1529"}],"wp:featuredmedia":[{"embeddable":true,"href":"https:\/\/www.potipotin.fr\/index.php\/wp-json\/wp\/v2\/media\/1533"}],"wp:attachment":[{"href":"https:\/\/www.potipotin.fr\/index.php\/wp-json\/wp\/v2\/media?parent=1529"}],"wp:term":[{"taxonomy":"product_brand","embeddable":true,"href":"https:\/\/www.potipotin.fr\/index.php\/wp-json\/wp\/v2\/product_brand?post=1529"},{"taxonomy":"product_cat","embeddable":true,"href":"https:\/\/www.potipotin.fr\/index.php\/wp-json\/wp\/v2\/product_cat?post=1529"},{"taxonomy":"product_tag","embeddable":true,"href":"https:\/\/www.potipotin.fr\/index.php\/wp-json\/wp\/v2\/product_tag?post=1529"}],"curies":[{"name":"wp","href":"https:\/\/api.w.org\/{rel}","templated":true}]}}