{"id":1075,"date":"2025-12-30T18:32:49","date_gmt":"2025-12-30T17:32:49","guid":{"rendered":"https:\/\/www.potipotin.fr\/?post_type=product&#038;p=1075"},"modified":"2025-12-30T18:33:51","modified_gmt":"2025-12-30T17:33:51","slug":"feutre-effacable","status":"publish","type":"product","link":"https:\/\/www.potipotin.fr\/index.php\/produit\/feutre-effacable\/","title":{"rendered":"Feutre effa\u00e7able"},"content":{"rendered":"<h3 data-path-to-node=\"3\"><b data-path-to-node=\"3\" data-index-in-node=\"0\"> Feutre effa\u00e7able \u2013 L\u2019accessoire id\u00e9al pour vos livrets<\/b><\/h3>\n<p data-path-to-node=\"4\">Compl\u00e9tez votre commande avec l&rsquo;outil indispensable pour profiter pleinement de nos livrets interactifs. Ce feutre a \u00e9t\u00e9 s\u00e9lectionn\u00e9 pour sa facilit\u00e9 d&rsquo;utilisation et son nettoyage rapide sur nos supports plastifi\u00e9s.<\/p>\n<p data-path-to-node=\"5\"><b data-path-to-node=\"5\" data-index-in-node=\"0\">Pourquoi l&rsquo;ajouter \u00e0 votre panier ?<\/b><\/p>\n<ul data-path-to-node=\"6\">\n<li>\n<p data-path-to-node=\"6,0,0\"><b data-path-to-node=\"6,0,0\" data-index-in-node=\"0\">Apprentissage par l&rsquo;erreur :<\/b> Coupl\u00e9 \u00e0 nos livrets (comme celui des Chiffres par exemple), il permet \u00e0 l&rsquo;enfant de s&rsquo;entra\u00eener \u00e0 tracer, de se tromper, d&rsquo;effacer et de recommencer \u00e0 l&rsquo;infini. C&rsquo;est la cl\u00e9 pour prendre confiance en soi !<\/p>\n<\/li>\n<li>\n<p data-path-to-node=\"6,1,0\"><b data-path-to-node=\"6,1,0\" data-index-in-node=\"0\">Une pointe adapt\u00e9e :<\/b> Sa pointe permet un trac\u00e9 pr\u00e9cis, id\u00e9al pour suivre les pointill\u00e9s d&rsquo;\u00e9criture ou entourer des \u00e9l\u00e9ments dans nos imagiers.<\/p>\n<\/li>\n<li>\n<p data-path-to-node=\"6,2,0\"><b data-path-to-node=\"6,2,0\" data-index-in-node=\"0\">\u00c9conomique et durable :<\/b> Plus besoin de racheter des cahiers de vacances ! Un coup de chiffon et votre support <b data-path-to-node=\"6,2,0\" data-index-in-node=\"110\">Potipotin<\/b> redevient comme neuf.<\/p>\n<\/li>\n<\/ul>\n<p data-path-to-node=\"7\"><b data-path-to-node=\"7\" data-index-in-node=\"0\">Le conseil de Potipotin :<\/b> Pour garder vos livrets impeccables, je vous conseille d&rsquo;effacer les trac\u00e9s apr\u00e8s chaque s\u00e9ance d&rsquo;apprentissage \u00e0 l&rsquo;aide d&rsquo;un chiffon doux ou d&rsquo;une petite \u00e9ponge l\u00e9g\u00e8rement humide.<\/p>\n<p data-path-to-node=\"7\"><b data-path-to-node=\"10,0\" data-index-in-node=\"0\">\u26a0\ufe0f Avertissement de s\u00e9curit\u00e9 :<\/b> Son utilisation soit imp\u00e9rativement \u00eatre utilis\u00e9 sous la surveillance constante d&rsquo;un adulte.<\/p>\n","protected":false},"excerpt":{"rendered":"<p>Feutre effa\u00e7able \u2013 L\u2019accessoire id\u00e9al pour vos livrets Compl\u00e9tez votre commande avec l&rsquo;outil indispensable pour profiter pleinement de nos livrets interactifs. Ce feutre a \u00e9t\u00e9 s\u00e9lectionn\u00e9 pour sa facilit\u00e9 d&rsquo;utilisation et son nettoyage rapide sur nos supports plastifi\u00e9s. Pourquoi l&rsquo;ajouter \u00e0 votre panier ? Apprentissage par l&rsquo;erreur : Coupl\u00e9 \u00e0 nos livrets (comme celui des [&hellip;]<\/p>\n","protected":false},"featured_media":1076,"comment_status":"open","ping_status":"closed","template":"","meta":{"ocean_post_layout":"","ocean_both_sidebars_style":"","ocean_both_sidebars_content_width":0,"ocean_both_sidebars_sidebars_width":0,"ocean_sidebar":"0","ocean_second_sidebar":"0","ocean_disable_margins":"enable","ocean_add_body_class":"","ocean_shortcode_before_top_bar":"","ocean_shortcode_after_top_bar":"","ocean_shortcode_before_header":"","ocean_shortcode_after_header":"","ocean_has_shortcode":"","ocean_shortcode_after_title":"","ocean_shortcode_before_footer_widgets":"","ocean_shortcode_after_footer_widgets":"","ocean_shortcode_before_footer_bottom":"","ocean_shortcode_after_footer_bottom":"","ocean_display_top_bar":"default","ocean_display_header":"default","ocean_header_style":"","ocean_center_header_left_menu":"0","ocean_custom_header_template":"0","ocean_custom_logo":0,"ocean_custom_retina_logo":0,"ocean_custom_logo_max_width":0,"ocean_custom_logo_tablet_max_width":0,"ocean_custom_logo_mobile_max_width":0,"ocean_custom_logo_max_height":0,"ocean_custom_logo_tablet_max_height":0,"ocean_custom_logo_mobile_max_height":0,"ocean_header_custom_menu":"0","ocean_menu_typo_font_family":"0","ocean_menu_typo_font_subset":"","ocean_menu_typo_font_size":0,"ocean_menu_typo_font_size_tablet":0,"ocean_menu_typo_font_size_mobile":0,"ocean_menu_typo_font_size_unit":"px","ocean_menu_typo_font_weight":"","ocean_menu_typo_font_weight_tablet":"","ocean_menu_typo_font_weight_mobile":"","ocean_menu_typo_transform":"","ocean_menu_typo_transform_tablet":"","ocean_menu_typo_transform_mobile":"","ocean_menu_typo_line_height":0,"ocean_menu_typo_line_height_tablet":0,"ocean_menu_typo_line_height_mobile":0,"ocean_menu_typo_line_height_unit":"","ocean_menu_typo_spacing":0,"ocean_menu_typo_spacing_tablet":0,"ocean_menu_typo_spacing_mobile":0,"ocean_menu_typo_spacing_unit":"","ocean_menu_link_color":"","ocean_menu_link_color_hover":"","ocean_menu_link_color_active":"","ocean_menu_link_background":"","ocean_menu_link_hover_background":"","ocean_menu_link_active_background":"","ocean_menu_social_links_bg":"","ocean_menu_social_hover_links_bg":"","ocean_menu_social_links_color":"","ocean_menu_social_hover_links_color":"","ocean_disable_title":"default","ocean_disable_heading":"default","ocean_post_title":"","ocean_post_subheading":"","ocean_post_title_style":"","ocean_post_title_background_color":"","ocean_post_title_background":0,"ocean_post_title_bg_image_position":"","ocean_post_title_bg_image_attachment":"","ocean_post_title_bg_image_repeat":"","ocean_post_title_bg_image_size":"","ocean_post_title_height":0,"ocean_post_title_bg_overlay":0.5,"ocean_post_title_bg_overlay_color":"","ocean_disable_breadcrumbs":"default","ocean_breadcrumbs_color":"","ocean_breadcrumbs_separator_color":"","ocean_breadcrumbs_links_color":"","ocean_breadcrumbs_links_hover_color":"","ocean_display_footer_widgets":"default","ocean_display_footer_bottom":"default","ocean_custom_footer_template":"0","omw_enable_modal_window":"enable"},"product_brand":[],"product_cat":[16],"product_tag":[],"class_list":{"0":"post-1075","1":"product","2":"type-product","3":"status-publish","4":"has-post-thumbnail","6":"product_cat-non-classe","8":"entry","9":"has-media","11":"first","12":"instock","13":"shipping-taxable","14":"purchasable","15":"product-type-simple","16":"has-product-nav","17":"col","18":"span_1_of_3","19":"owp-content-center","20":"owp-thumbs-layout-horizontal","21":"owp-btn-normal","22":"owp-tabs-layout-horizontal","23":"has-no-thumbnails"},"_links":{"self":[{"href":"https:\/\/www.potipotin.fr\/index.php\/wp-json\/wp\/v2\/product\/1075","targetHints":{"allow":["GET"]}}],"collection":[{"href":"https:\/\/www.potipotin.fr\/index.php\/wp-json\/wp\/v2\/product"}],"about":[{"href":"https:\/\/www.potipotin.fr\/index.php\/wp-json\/wp\/v2\/types\/product"}],"replies":[{"embeddable":true,"href":"https:\/\/www.potipotin.fr\/index.php\/wp-json\/wp\/v2\/comments?post=1075"}],"wp:featuredmedia":[{"embeddable":true,"href":"https:\/\/www.potipotin.fr\/index.php\/wp-json\/wp\/v2\/media\/1076"}],"wp:attachment":[{"href":"https:\/\/www.potipotin.fr\/index.php\/wp-json\/wp\/v2\/media?parent=1075"}],"wp:term":[{"taxonomy":"product_brand","embeddable":true,"href":"https:\/\/www.potipotin.fr\/index.php\/wp-json\/wp\/v2\/product_brand?post=1075"},{"taxonomy":"product_cat","embeddable":true,"href":"https:\/\/www.potipotin.fr\/index.php\/wp-json\/wp\/v2\/product_cat?post=1075"},{"taxonomy":"product_tag","embeddable":true,"href":"https:\/\/www.potipotin.fr\/index.php\/wp-json\/wp\/v2\/product_tag?post=1075"}],"curies":[{"name":"wp","href":"https:\/\/api.w.org\/{rel}","templated":true}]}}