{"id":842,"date":"2025-12-22T14:49:40","date_gmt":"2025-12-22T13:49:40","guid":{"rendered":"https:\/\/www.potipotin.fr\/index.php\/panier\/"},"modified":"2025-12-30T20:40:05","modified_gmt":"2025-12-30T19:40:05","slug":"panier","status":"publish","type":"page","link":"https:\/\/www.potipotin.fr\/index.php\/panier\/","title":{"rendered":"Panier"},"content":{"rendered":"\n<div data-block-name=\"woocommerce\/cart\" class=\"wp-block-woocommerce-cart alignwide is-loading\">\n<div data-block-name=\"woocommerce\/filled-cart-block\" class=\"wp-block-woocommerce-filled-cart-block\">\n<div data-block-name=\"woocommerce\/cart-items-block\" class=\"wp-block-woocommerce-cart-items-block\">\n<div data-block-name=\"woocommerce\/cart-line-items-block\" class=\"wp-block-woocommerce-cart-line-items-block\"><\/div>\n\n\n<\/div>\n\n\n\n\n<div data-block-name=\"woocommerce\/cart-totals-block\" class=\"wp-block-woocommerce-cart-totals-block\">\n<div data-block-name=\"woocommerce\/cart-order-summary-block\" class=\"wp-block-woocommerce-cart-order-summary-block\">\n<div data-block-name=\"woocommerce\/cart-order-summary-heading-block\" class=\"wp-block-woocommerce-cart-order-summary-heading-block\"><\/div><div data-block-name=\"woocommerce\/cart-order-summary-coupon-form-block\" class=\"wp-block-woocommerce-cart-order-summary-coupon-form-block\"><\/div><div data-block-name=\"woocommerce\/cart-order-summary-totals-block\" class=\"wp-block-woocommerce-cart-order-summary-totals-block\">\n<div data-block-name=\"woocommerce\/cart-order-summary-subtotal-block\" class=\"wp-block-woocommerce-cart-order-summary-subtotal-block\"><\/div>\n<div data-block-name=\"woocommerce\/cart-order-summary-discount-block\" class=\"wp-block-woocommerce-cart-order-summary-discount-block\"><\/div>\n<div data-block-name=\"woocommerce\/cart-order-summary-fee-block\" class=\"wp-block-woocommerce-cart-order-summary-fee-block\"><\/div>\n<div data-block-name=\"woocommerce\/cart-order-summary-shipping-block\" class=\"wp-block-woocommerce-cart-order-summary-shipping-block\"><\/div>\n<div data-block-name=\"woocommerce\/cart-order-summary-taxes-block\" class=\"wp-block-woocommerce-cart-order-summary-taxes-block\"><\/div><\/div>\n<\/div>\n\n\n\n<div data-block-name=\"woocommerce-paypal-payments\/cart-paylater-messages\" data-pp-placement=\"cart\" data-pp-style-layout=\"text\" data-pp-style-logo-position=\"left\" data-pp-style-logo-type=\"inline\" data-pp-style-text-color=\"black\" data-pp-style-text-size=\"12\" id=\"ppcp-cart-paylater-messages\" class=\"ppcp-messages\" data-partner-attribution-id=\"Woo_PPCP\"><\/div><div data-block-name=\"woocommerce\/cart-express-payment-block\" class=\"wp-block-woocommerce-cart-express-payment-block\"><\/div>\n\n\n\n<div data-block-name=\"woocommerce\/proceed-to-checkout-block\" class=\"wp-block-woocommerce-proceed-to-checkout-block\"><\/div>\n\n\n\n<div data-block-name=\"woocommerce\/cart-accepted-payment-methods-block\" class=\"wp-block-woocommerce-cart-accepted-payment-methods-block\"><\/div>\n<\/div>\n<\/div>\n\n\n\n<div data-block-name=\"woocommerce\/empty-cart-block\" class=\"wp-block-woocommerce-empty-cart-block\">\n<h2 class=\"wp-block-heading has-text-align-center with-empty-cart-icon wc-block-cart__empty-cart__title\">Votre panier est actuellement vide\u00a0!<\/h2>\n\n\n\n<hr class=\"wp-block-separator has-alpha-channel-opacity is-style-dots\"\/>\n\n\n\n<h2 class=\"wp-block-heading has-text-align-center\">Nouveau dans la boutique<\/h2>\n\n\n<div data-block-name=\"woocommerce\/product-new\" data-columns=\"4\" data-rows=\"1\" class=\"wc-block-grid wp-block-product-new wp-block-woocommerce-product-new wc-block-product-new has-4-columns\"><ul class=\"wc-block-grid__products\"><li class=\"wc-block-grid__product\">\n\t\t\t\t<a href=\"https:\/\/www.potipotin.fr\/index.php\/produit\/habiller-bebe-dormir\/\" class=\"wc-block-grid__product-link\">\n\t\t\t\t\t\n\t\t\t\t\t<div class=\"wc-block-grid__product-image\"><img fetchpriority=\"high\" decoding=\"async\" width=\"300\" height=\"300\" src=\"https:\/\/www.potipotin.fr\/wp-content\/uploads\/2026\/03\/WhatsApp-Image-2026-03-19-at-15.04.28-300x300.jpeg\" class=\"attachment-woocommerce_thumbnail size-woocommerce_thumbnail\" alt=\"Fiche &quot;comment habiller b\u00e9b\u00e9 pour dormir ?&quot;\" srcset=\"https:\/\/www.potipotin.fr\/wp-content\/uploads\/2026\/03\/WhatsApp-Image-2026-03-19-at-15.04.28-300x300.jpeg 300w, https:\/\/www.potipotin.fr\/wp-content\/uploads\/2026\/03\/WhatsApp-Image-2026-03-19-at-15.04.28-150x150.jpeg 150w, https:\/\/www.potipotin.fr\/wp-content\/uploads\/2026\/03\/WhatsApp-Image-2026-03-19-at-15.04.28-768x768.jpeg 768w, https:\/\/www.potipotin.fr\/wp-content\/uploads\/2026\/03\/WhatsApp-Image-2026-03-19-at-15.04.28-600x600.jpeg 600w, https:\/\/www.potipotin.fr\/wp-content\/uploads\/2026\/03\/WhatsApp-Image-2026-03-19-at-15.04.28-100x100.jpeg 100w, https:\/\/www.potipotin.fr\/wp-content\/uploads\/2026\/03\/WhatsApp-Image-2026-03-19-at-15.04.28.jpeg 1024w\" sizes=\"(max-width: 300px) 100vw, 300px\" \/><\/div>\n\t\t\t\t\t<div class=\"wc-block-grid__product-title\">Fiche \u00ab\u00a0comment habiller b\u00e9b\u00e9 pour dormir ?\u00a0\u00bb<\/div>\n\t\t\t\t<\/a>\n\t\t\t\t<div class=\"wc-block-grid__product-price price\"><span class=\"woocommerce-Price-amount amount\" aria-hidden=\"true\">2,00&nbsp;<span class=\"woocommerce-Price-currencySymbol\">&euro;<\/span><\/span> <span aria-hidden=\"true\">\u00a0\u2013\u00a0<\/span> <span class=\"woocommerce-Price-amount amount\" aria-hidden=\"true\">4,90&nbsp;<span class=\"woocommerce-Price-currencySymbol\">&euro;<\/span><\/span><span class=\"screen-reader-text\">Plage de prix\u00a0: 2,00&nbsp;&euro; \u00e0 4,90&nbsp;&euro;<\/span><\/div>\n\t\t\t\t\n\t\t\t\t<div class=\"wp-block-button wc-block-grid__product-add-to-cart\"><a href=\"https:\/\/www.potipotin.fr\/index.php\/produit\/habiller-bebe-dormir\/\" aria-label=\"S\u00e9lectionner les options pour &ldquo;Fiche &quot;comment habiller b\u00e9b\u00e9 pour dormir ?&quot;&rdquo;\" data-quantity=\"1\" data-product_id=\"1545\" data-product_sku=\"\" data-price=\"2\" rel=\"nofollow\" class=\"wp-block-button__link  add_to_cart_button\">Choix des options<\/a><\/div>\n\t\t\t<\/li><li class=\"wc-block-grid__product\">\n\t\t\t\t<a href=\"https:\/\/www.potipotin.fr\/index.php\/produit\/affiche-mes-premieres-fois\/\" class=\"wc-block-grid__product-link\">\n\t\t\t\t\t\n\t\t\t\t\t<div class=\"wc-block-grid__product-image\"><img decoding=\"async\" width=\"300\" height=\"300\" src=\"https:\/\/www.potipotin.fr\/wp-content\/uploads\/2026\/03\/WhatsApp-Image-2026-03-12-at-17.39.39-300x300.jpeg\" class=\"attachment-woocommerce_thumbnail size-woocommerce_thumbnail\" alt=\"Affiche &quot;mes premi\u00e8res fois&quot;\" srcset=\"https:\/\/www.potipotin.fr\/wp-content\/uploads\/2026\/03\/WhatsApp-Image-2026-03-12-at-17.39.39-300x300.jpeg 300w, https:\/\/www.potipotin.fr\/wp-content\/uploads\/2026\/03\/WhatsApp-Image-2026-03-12-at-17.39.39-150x150.jpeg 150w, https:\/\/www.potipotin.fr\/wp-content\/uploads\/2026\/03\/WhatsApp-Image-2026-03-12-at-17.39.39-768x768.jpeg 768w, https:\/\/www.potipotin.fr\/wp-content\/uploads\/2026\/03\/WhatsApp-Image-2026-03-12-at-17.39.39-600x600.jpeg 600w, https:\/\/www.potipotin.fr\/wp-content\/uploads\/2026\/03\/WhatsApp-Image-2026-03-12-at-17.39.39-100x100.jpeg 100w, https:\/\/www.potipotin.fr\/wp-content\/uploads\/2026\/03\/WhatsApp-Image-2026-03-12-at-17.39.39.jpeg 1024w\" sizes=\"(max-width: 300px) 100vw, 300px\" \/><\/div>\n\t\t\t\t\t<div class=\"wc-block-grid__product-title\">Affiche \u00ab\u00a0mes premi\u00e8res fois\u00a0\u00bb<\/div>\n\t\t\t\t<\/a>\n\t\t\t\t<div class=\"wc-block-grid__product-price price\"><span class=\"woocommerce-Price-amount amount\" aria-hidden=\"true\">9,90&nbsp;<span class=\"woocommerce-Price-currencySymbol\">&euro;<\/span><\/span> <span aria-hidden=\"true\">\u00a0\u2013\u00a0<\/span> <span class=\"woocommerce-Price-amount amount\" aria-hidden=\"true\">19,90&nbsp;<span class=\"woocommerce-Price-currencySymbol\">&euro;<\/span><\/span><span class=\"screen-reader-text\">Plage de prix\u00a0: 9,90&nbsp;&euro; \u00e0 19,90&nbsp;&euro;<\/span><\/div>\n\t\t\t\t\n\t\t\t\t<div class=\"wp-block-button wc-block-grid__product-add-to-cart\"><a href=\"https:\/\/www.potipotin.fr\/index.php\/produit\/affiche-mes-premieres-fois\/\" aria-label=\"S\u00e9lectionner les options pour &ldquo;Affiche &quot;mes premi\u00e8res fois&quot;&rdquo;\" data-quantity=\"1\" data-product_id=\"1529\" data-product_sku=\"\" data-price=\"9.9\" rel=\"nofollow\" class=\"wp-block-button__link  add_to_cart_button\">Choix des options<\/a><\/div>\n\t\t\t<\/li><li class=\"wc-block-grid__product\">\n\t\t\t\t<a href=\"https:\/\/www.potipotin.fr\/index.php\/produit\/fiche-durgence-serenite\/\" class=\"wc-block-grid__product-link\">\n\t\t\t\t\t\n\t\t\t\t\t<div class=\"wc-block-grid__product-image\"><img decoding=\"async\" width=\"300\" height=\"300\" src=\"https:\/\/www.potipotin.fr\/wp-content\/uploads\/2026\/03\/WhatsApp-Image-2026-03-19-at-15.51.24-300x300.jpeg\" class=\"attachment-woocommerce_thumbnail size-woocommerce_thumbnail\" alt=\"Fiche d&#039;Urgence &quot;S\u00e9r\u00e9nit\u00e9&quot;\" srcset=\"https:\/\/www.potipotin.fr\/wp-content\/uploads\/2026\/03\/WhatsApp-Image-2026-03-19-at-15.51.24-300x300.jpeg 300w, https:\/\/www.potipotin.fr\/wp-content\/uploads\/2026\/03\/WhatsApp-Image-2026-03-19-at-15.51.24-150x150.jpeg 150w, https:\/\/www.potipotin.fr\/wp-content\/uploads\/2026\/03\/WhatsApp-Image-2026-03-19-at-15.51.24-768x768.jpeg 768w, https:\/\/www.potipotin.fr\/wp-content\/uploads\/2026\/03\/WhatsApp-Image-2026-03-19-at-15.51.24-600x600.jpeg 600w, https:\/\/www.potipotin.fr\/wp-content\/uploads\/2026\/03\/WhatsApp-Image-2026-03-19-at-15.51.24-100x100.jpeg 100w, https:\/\/www.potipotin.fr\/wp-content\/uploads\/2026\/03\/WhatsApp-Image-2026-03-19-at-15.51.24.jpeg 1024w\" sizes=\"(max-width: 300px) 100vw, 300px\" \/><\/div>\n\t\t\t\t\t<div class=\"wc-block-grid__product-title\">Fiche d&rsquo;Urgence \u00ab\u00a0S\u00e9r\u00e9nit\u00e9\u00a0\u00bb<\/div>\n\t\t\t\t<\/a>\n\t\t\t\t<div class=\"wc-block-grid__product-price price\"><span class=\"woocommerce-Price-amount amount\" aria-hidden=\"true\">0,00&nbsp;<span class=\"woocommerce-Price-currencySymbol\">&euro;<\/span><\/span> <span aria-hidden=\"true\">\u00a0\u2013\u00a0<\/span> <span class=\"woocommerce-Price-amount amount\" aria-hidden=\"true\">2,00&nbsp;<span class=\"woocommerce-Price-currencySymbol\">&euro;<\/span><\/span><span class=\"screen-reader-text\">Plage de prix\u00a0: 0,00&nbsp;&euro; \u00e0 2,00&nbsp;&euro;<\/span><\/div>\n\t\t\t\t\n\t\t\t\t<div class=\"wp-block-button wc-block-grid__product-add-to-cart\"><a href=\"https:\/\/www.potipotin.fr\/index.php\/produit\/fiche-durgence-serenite\/\" aria-label=\"S\u00e9lectionner les options pour &ldquo;Fiche d&#039;Urgence &quot;S\u00e9r\u00e9nit\u00e9&quot;&rdquo;\" data-quantity=\"1\" data-product_id=\"1430\" data-product_sku=\"\" data-price=\"0\" rel=\"nofollow\" class=\"wp-block-button__link  add_to_cart_button\">Choix des options<\/a><\/div>\n\t\t\t<\/li><li class=\"wc-block-grid__product\">\n\t\t\t\t<a href=\"https:\/\/www.potipotin.fr\/index.php\/produit\/affiche-de-naissance-personnalisee\/\" class=\"wc-block-grid__product-link\">\n\t\t\t\t\t\n\t\t\t\t\t<div class=\"wc-block-grid__product-image\"><img loading=\"lazy\" decoding=\"async\" width=\"300\" height=\"300\" src=\"https:\/\/www.potipotin.fr\/wp-content\/uploads\/2026\/02\/WhatsApp-Image-2026-03-09-at-14.08.46-300x300.jpeg\" class=\"attachment-woocommerce_thumbnail size-woocommerce_thumbnail\" alt=\"Affiche de naissance personnalis\u00e9e\" srcset=\"https:\/\/www.potipotin.fr\/wp-content\/uploads\/2026\/02\/WhatsApp-Image-2026-03-09-at-14.08.46-300x300.jpeg 300w, https:\/\/www.potipotin.fr\/wp-content\/uploads\/2026\/02\/WhatsApp-Image-2026-03-09-at-14.08.46-150x150.jpeg 150w, https:\/\/www.potipotin.fr\/wp-content\/uploads\/2026\/02\/WhatsApp-Image-2026-03-09-at-14.08.46-768x768.jpeg 768w, https:\/\/www.potipotin.fr\/wp-content\/uploads\/2026\/02\/WhatsApp-Image-2026-03-09-at-14.08.46-600x600.jpeg 600w, https:\/\/www.potipotin.fr\/wp-content\/uploads\/2026\/02\/WhatsApp-Image-2026-03-09-at-14.08.46-100x100.jpeg 100w, https:\/\/www.potipotin.fr\/wp-content\/uploads\/2026\/02\/WhatsApp-Image-2026-03-09-at-14.08.46.jpeg 1024w\" sizes=\"(max-width: 300px) 100vw, 300px\" \/><\/div>\n\t\t\t\t\t<div class=\"wc-block-grid__product-title\">Affiche de naissance personnalis\u00e9e<\/div>\n\t\t\t\t<\/a>\n\t\t\t\t<div class=\"wc-block-grid__product-price price\"><span class=\"woocommerce-Price-amount amount\" aria-hidden=\"true\">6,90&nbsp;<span class=\"woocommerce-Price-currencySymbol\">&euro;<\/span><\/span> <span aria-hidden=\"true\">\u00a0\u2013\u00a0<\/span> <span class=\"woocommerce-Price-amount amount\" aria-hidden=\"true\">19,90&nbsp;<span class=\"woocommerce-Price-currencySymbol\">&euro;<\/span><\/span><span class=\"screen-reader-text\">Plage de prix\u00a0: 6,90&nbsp;&euro; \u00e0 19,90&nbsp;&euro;<\/span><\/div>\n\t\t\t\t\n\t\t\t\t<div class=\"wp-block-button wc-block-grid__product-add-to-cart\"><a href=\"https:\/\/www.potipotin.fr\/index.php\/produit\/affiche-de-naissance-personnalisee\/\" aria-label=\"S\u00e9lectionner les options pour &ldquo;Affiche de naissance personnalis\u00e9e&rdquo;\" data-quantity=\"1\" data-product_id=\"1310\" data-product_sku=\"\" data-price=\"6.9\" rel=\"nofollow\" class=\"wp-block-button__link  add_to_cart_button\">Choix des options<\/a><\/div>\n\t\t\t<\/li><\/ul><\/div><\/div>\n<\/div>\n","protected":false},"excerpt":{"rendered":"","protected":false},"author":1,"featured_media":0,"parent":0,"menu_order":0,"comment_status":"closed","ping_status":"closed","template":"","meta":{"ocean_post_layout":"","ocean_both_sidebars_style":"","ocean_both_sidebars_content_width":0,"ocean_both_sidebars_sidebars_width":0,"ocean_sidebar":"","ocean_second_sidebar":"","ocean_disable_margins":"enable","ocean_add_body_class":"","ocean_shortcode_before_top_bar":"","ocean_shortcode_after_top_bar":"","ocean_shortcode_before_header":"","ocean_shortcode_after_header":"","ocean_has_shortcode":"","ocean_shortcode_after_title":"","ocean_shortcode_before_footer_widgets":"","ocean_shortcode_after_footer_widgets":"","ocean_shortcode_before_footer_bottom":"","ocean_shortcode_after_footer_bottom":"","ocean_display_top_bar":"default","ocean_display_header":"default","ocean_header_style":"","ocean_center_header_left_menu":"","ocean_custom_header_template":"","ocean_custom_logo":0,"ocean_custom_retina_logo":0,"ocean_custom_logo_max_width":0,"ocean_custom_logo_tablet_max_width":0,"ocean_custom_logo_mobile_max_width":0,"ocean_custom_logo_max_height":0,"ocean_custom_logo_tablet_max_height":0,"ocean_custom_logo_mobile_max_height":0,"ocean_header_custom_menu":"","ocean_menu_typo_font_family":"","ocean_menu_typo_font_subset":"","ocean_menu_typo_font_size":0,"ocean_menu_typo_font_size_tablet":0,"ocean_menu_typo_font_size_mobile":0,"ocean_menu_typo_font_size_unit":"px","ocean_menu_typo_font_weight":"","ocean_menu_typo_font_weight_tablet":"","ocean_menu_typo_font_weight_mobile":"","ocean_menu_typo_transform":"","ocean_menu_typo_transform_tablet":"","ocean_menu_typo_transform_mobile":"","ocean_menu_typo_line_height":0,"ocean_menu_typo_line_height_tablet":0,"ocean_menu_typo_line_height_mobile":0,"ocean_menu_typo_line_height_unit":"","ocean_menu_typo_spacing":0,"ocean_menu_typo_spacing_tablet":0,"ocean_menu_typo_spacing_mobile":0,"ocean_menu_typo_spacing_unit":"","ocean_menu_link_color":"","ocean_menu_link_color_hover":"","ocean_menu_link_color_active":"","ocean_menu_link_background":"","ocean_menu_link_hover_background":"","ocean_menu_link_active_background":"","ocean_menu_social_links_bg":"","ocean_menu_social_hover_links_bg":"","ocean_menu_social_links_color":"","ocean_menu_social_hover_links_color":"","ocean_disable_title":"default","ocean_disable_heading":"default","ocean_post_title":"","ocean_post_subheading":"","ocean_post_title_style":"","ocean_post_title_background_color":"","ocean_post_title_background":0,"ocean_post_title_bg_image_position":"","ocean_post_title_bg_image_attachment":"","ocean_post_title_bg_image_repeat":"","ocean_post_title_bg_image_size":"","ocean_post_title_height":0,"ocean_post_title_bg_overlay":0.5,"ocean_post_title_bg_overlay_color":"","ocean_disable_breadcrumbs":"default","ocean_breadcrumbs_color":"","ocean_breadcrumbs_separator_color":"","ocean_breadcrumbs_links_color":"","ocean_breadcrumbs_links_hover_color":"","ocean_display_footer_widgets":"default","ocean_display_footer_bottom":"default","ocean_custom_footer_template":"","omw_enable_modal_window":"enable","footnotes":""},"class_list":["post-842","page","type-page","status-publish","hentry","entry","owp-thumbs-layout-horizontal","owp-btn-normal","owp-tabs-layout-horizontal","has-no-thumbnails","has-product-nav"],"_links":{"self":[{"href":"https:\/\/www.potipotin.fr\/index.php\/wp-json\/wp\/v2\/pages\/842","targetHints":{"allow":["GET"]}}],"collection":[{"href":"https:\/\/www.potipotin.fr\/index.php\/wp-json\/wp\/v2\/pages"}],"about":[{"href":"https:\/\/www.potipotin.fr\/index.php\/wp-json\/wp\/v2\/types\/page"}],"author":[{"embeddable":true,"href":"https:\/\/www.potipotin.fr\/index.php\/wp-json\/wp\/v2\/users\/1"}],"replies":[{"embeddable":true,"href":"https:\/\/www.potipotin.fr\/index.php\/wp-json\/wp\/v2\/comments?post=842"}],"version-history":[{"count":1,"href":"https:\/\/www.potipotin.fr\/index.php\/wp-json\/wp\/v2\/pages\/842\/revisions"}],"predecessor-version":[{"id":858,"href":"https:\/\/www.potipotin.fr\/index.php\/wp-json\/wp\/v2\/pages\/842\/revisions\/858"}],"wp:attachment":[{"href":"https:\/\/www.potipotin.fr\/index.php\/wp-json\/wp\/v2\/media?parent=842"}],"curies":[{"name":"wp","href":"https:\/\/api.w.org\/{rel}","templated":true}]}}