{"id":35,"date":"2016-11-29T01:21:42","date_gmt":"2016-11-29T01:21:42","guid":{"rendered":"https:\/\/oceanwp.org\/stylish\/?page_id=35"},"modified":"2026-02-02T15:06:05","modified_gmt":"2026-02-02T14:06:05","slug":"my-story","status":"publish","type":"page","link":"https:\/\/www.potipotin.fr\/index.php\/my-story\/","title":{"rendered":"My story"},"content":{"rendered":"\t\t<div data-elementor-type=\"wp-page\" data-elementor-id=\"35\" class=\"elementor elementor-35\">\n\t\t\t\t\t\t<section class=\"elementor-section elementor-top-section elementor-element elementor-element-eb54e8a elementor-section-content-middle elementor-section-boxed elementor-section-height-default elementor-section-height-default\" data-id=\"eb54e8a\" data-element_type=\"section\" data-e-type=\"section\">\n\t\t\t\t\t\t<div class=\"elementor-container elementor-column-gap-default\">\n\t\t\t\t\t<div class=\"elementor-column elementor-col-50 elementor-top-column elementor-element elementor-element-4721263\" data-id=\"4721263\" data-element_type=\"column\" data-e-type=\"column\">\n\t\t\t<div class=\"elementor-widget-wrap elementor-element-populated\">\n\t\t\t\t\t\t<div class=\"elementor-element elementor-element-d551e49 elementor-widget elementor-widget-image\" data-id=\"d551e49\" data-element_type=\"widget\" data-e-type=\"widget\" data-widget_type=\"image.default\">\n\t\t\t\t\t\t\t\t\t\t\t\t\t\t\t<img fetchpriority=\"high\" decoding=\"async\" width=\"688\" height=\"1024\" src=\"https:\/\/www.potipotin.fr\/wp-content\/uploads\/2025\/12\/WhatsApp-Image-2025-12-12-a-13.59.35_ad60f412-688x1024.jpg\" class=\"attachment-large size-large wp-image-65\" alt=\"\" srcset=\"https:\/\/www.potipotin.fr\/wp-content\/uploads\/2025\/12\/WhatsApp-Image-2025-12-12-a-13.59.35_ad60f412-688x1024.jpg 688w, https:\/\/www.potipotin.fr\/wp-content\/uploads\/2025\/12\/WhatsApp-Image-2025-12-12-a-13.59.35_ad60f412-202x300.jpg 202w, https:\/\/www.potipotin.fr\/wp-content\/uploads\/2025\/12\/WhatsApp-Image-2025-12-12-a-13.59.35_ad60f412-768x1143.jpg 768w, https:\/\/www.potipotin.fr\/wp-content\/uploads\/2025\/12\/WhatsApp-Image-2025-12-12-a-13.59.35_ad60f412-600x893.jpg 600w, https:\/\/www.potipotin.fr\/wp-content\/uploads\/2025\/12\/WhatsApp-Image-2025-12-12-a-13.59.35_ad60f412.jpg 820w\" sizes=\"(max-width: 688px) 100vw, 688px\" \/>\t\t\t\t\t\t\t\t\t\t\t\t\t\t\t<\/div>\n\t\t\t\t\t<\/div>\n\t\t<\/div>\n\t\t\t\t<div class=\"elementor-column elementor-col-50 elementor-top-column elementor-element elementor-element-2c8519a\" data-id=\"2c8519a\" data-element_type=\"column\" data-e-type=\"column\">\n\t\t\t<div class=\"elementor-widget-wrap elementor-element-populated\">\n\t\t\t\t\t\t<section class=\"elementor-section elementor-inner-section elementor-element elementor-element-5b4d794 elementor-section-content-middle elementor-section-boxed elementor-section-height-default elementor-section-height-default\" data-id=\"5b4d794\" data-element_type=\"section\" data-e-type=\"section\">\n\t\t\t\t\t\t<div class=\"elementor-container elementor-column-gap-default\">\n\t\t\t\t\t<div class=\"elementor-column elementor-col-100 elementor-inner-column elementor-element elementor-element-e906bcb\" data-id=\"e906bcb\" data-element_type=\"column\" data-e-type=\"column\">\n\t\t\t<div class=\"elementor-widget-wrap elementor-element-populated\">\n\t\t\t\t\t\t<div class=\"elementor-element elementor-element-d3a4a6c no-margin elementor-widget elementor-widget-heading\" data-id=\"d3a4a6c\" data-element_type=\"widget\" data-e-type=\"widget\" data-widget_type=\"heading.default\">\n\t\t\t\t\t<h2 class=\"elementor-heading-title elementor-size-default\">Qui suis-je ?\n<\/h2>\t\t\t\t<\/div>\n\t\t\t\t<div class=\"elementor-element elementor-element-76d0ca9 elementor-widget elementor-widget-heading\" data-id=\"76d0ca9\" data-element_type=\"widget\" data-e-type=\"widget\" data-widget_type=\"heading.default\">\n\t\t\t\t\t<p class=\"elementor-heading-title elementor-size-default\">Je suis une passionn\u00e9e de d\u00e9veloppement de l'enfant depuis aussi loin que je me souvienne. D\u00e8s 17 ans : j\u2019ai pass\u00e9 mon BAFA. J\u2019ai travaill\u00e9 dans un centre de loisirs niveau maternelle \u00e9t\u00e9 et vacances scolaires, 7 ann\u00e9es d\u2019exp\u00e9riences enrichissantes d\u2019\u00e9ducation informelle, \u00e0 suivre les enfants et leurs \u00e9volutions d\u2019ann\u00e9e en ann\u00e9e.<br>\nDans ce centre j\u2019ai eu l\u2019occasion de m\u2019occuper d\u2019un petit gar\u00e7on atteint d\u2019autiste. D\u00e9clic ! Je voulais en faire mon m\u00e9tier : m\u2019occuper d\u2019enfant en situation de handicap dans le milieu ordinaire.<br>\nCela m\u2019a motiv\u00e9e \u00e0 int\u00e9grer l\u2019IUT d\u2019animation sociale et socioculturelle, puis la licence sciences de l\u2019\u00e9ducation puis le master du m\u00eame nom sp\u00e9cialit\u00e9 politique enfance et jeunesse. Toujours dans le m\u00eame but : en apprendre davantage sur l\u2019inclusion, le d\u00e9veloppement de l\u2019enfant quel qu\u2019il soit. J\u2019ai donc ax\u00e9 l\u2019int\u00e9gralit\u00e9 de mes stages, \u00e9crits, recherches, m\u00e9moires vers cet objectif : l\u2019inclusion des enfants en situation de handicap.<br>\nJ\u2019ai eu diverses opportunit\u00e9s professionnelles hyper enrichissantes dans le salariat en lien avec le handicap (je serais ravie d\u2019\u00e9changer l\u00e0-dessus avec vous si vous le souhaitez) et quand je suis tomb\u00e9e enceinte c\u2019\u00e9tait une \u00e9vidence : je voulais m\u2019occuper de mon b\u00e9b\u00e9 \u00e0 temps plein. Bye bye mon CDI pour accompagner notre mini-nous.<\/p>\t\t\t\t<\/div>\n\t\t\t\t\t<\/div>\n\t\t<\/div>\n\t\t\t\t\t<\/div>\n\t\t<\/section>\n\t\t\t\t<section class=\"elementor-section elementor-inner-section elementor-element elementor-element-15ec1da elementor-section-content-middle elementor-section-boxed elementor-section-height-default elementor-section-height-default\" data-id=\"15ec1da\" data-element_type=\"section\" data-e-type=\"section\">\n\t\t\t\t\t\t<div class=\"elementor-container elementor-column-gap-default\">\n\t\t\t\t\t<div class=\"elementor-column elementor-col-100 elementor-inner-column elementor-element elementor-element-443b5d0\" data-id=\"443b5d0\" data-element_type=\"column\" data-e-type=\"column\">\n\t\t\t<div class=\"elementor-widget-wrap\">\n\t\t\t\t\t\t\t<\/div>\n\t\t<\/div>\n\t\t\t\t\t<\/div>\n\t\t<\/section>\n\t\t\t\t<section class=\"elementor-section elementor-inner-section elementor-element elementor-element-99086e1 elementor-section-content-middle elementor-reverse-mobile elementor-section-boxed elementor-section-height-default elementor-section-height-default\" data-id=\"99086e1\" data-element_type=\"section\" data-e-type=\"section\">\n\t\t\t\t\t\t<div class=\"elementor-container elementor-column-gap-default\">\n\t\t\t\t\t<div class=\"elementor-column elementor-col-100 elementor-inner-column elementor-element elementor-element-d6f4c8b\" data-id=\"d6f4c8b\" data-element_type=\"column\" data-e-type=\"column\">\n\t\t\t<div class=\"elementor-widget-wrap elementor-element-populated\">\n\t\t\t\t\t\t<div class=\"elementor-element elementor-element-af14fbc no-margin elementor-widget elementor-widget-heading\" data-id=\"af14fbc\" data-element_type=\"widget\" data-e-type=\"widget\" data-widget_type=\"heading.default\">\n\t\t\t\t\t<h2 class=\"elementor-heading-title elementor-size-default\">Oui Louise mais la question est : pourquoi Potipotin ?<span style=\"font-size: 17px;font-weight: bold;letter-spacing: 0.6px\"><\/span><\/h2>\t\t\t\t<\/div>\n\t\t\t\t<div class=\"elementor-element elementor-element-ba74db8 elementor-widget elementor-widget-heading\" data-id=\"ba74db8\" data-element_type=\"widget\" data-e-type=\"widget\" data-widget_type=\"heading.default\">\n\t\t\t\t\t<p class=\"elementor-heading-title elementor-size-default\">Alors en fait j\u2019ai commenc\u00e9 \u00e0 lui cr\u00e9er des outils p\u00e9dagogiques au fur et \u00e0 mesure que Lyanna s\u2019int\u00e9ressait \u00e0 certains sujets. J\u2019en ai aussi un peu fait pour les b\u00e9b\u00e9s des copains puis je me suis dit : pourquoi pas cr\u00e9er mon entreprise ?<br>\nIl a fallu trouver un nom, toute ma famille s\u2019y est mis et est n\u00e9 Potipotin : petit popotin de ma Lyanna qui est aussi une vraie petite comm\u00e8re donc en amour pour les potins ! <br>Voil\u00e0 vous savez maintenant tout sur l\u2019origine de l\u2019entreprise.<br>\nComme tout vient de ma fille, j\u2019ai demand\u00e9 \u00e0 mon mari dessinateur d\u2019avoir un petit personnage \u00e0 son image, et elle adooooore les lapins. Donc voil\u00e0 d\u2019o\u00f9 vient ce mignon petit personnage que vous voyez partout. Mon logo est aussi sign\u00e9 Pessaro bien \u00e9videment.<br>\nMon amour pour l\u2019accompagnement des enfants combin\u00e9 \u00e0 mon exp\u00e9rience de Maman et mon expertise dans l\u2019animation sp\u00e9cialis\u00e9e et ordinaire m\u2019a men\u00e9e ici et m\u2019a permis de partager avec vous mes cr\u00e9ations ! Adapt\u00e9es \u00e0 tous les enfants, les activit\u00e9s, d\u00e9veloppent la motricit\u00e9 fine, la concentration, la patience, les connaissances, la logique, le partage, l\u2019autonomie et bien d\u2019autres que vous pourrez observer vous-m\u00eame lors des utilisations.\nJ\u2019esp\u00e8re qu\u2019elles vous plairont et plairont autant \u00e0 vos enfants qu\u2019\u00e0 ma fille.<br>\nBienvenue dans notre univers !! <br><br>Et merci de m\u2019avoir lue.<\/p>\t\t\t\t<\/div>\n\t\t\t\t\t<\/div>\n\t\t<\/div>\n\t\t\t\t\t<\/div>\n\t\t<\/section>\n\t\t\t\t\t<\/div>\n\t\t<\/div>\n\t\t\t\t\t<\/div>\n\t\t<\/section>\n\t\t\t\t<section class=\"elementor-section elementor-top-section elementor-element elementor-element-4e8ec2a elementor-section-content-middle elementor-section-boxed elementor-section-height-default elementor-section-height-default\" data-id=\"4e8ec2a\" data-element_type=\"section\" data-e-type=\"section\">\n\t\t\t\t\t\t<div class=\"elementor-container elementor-column-gap-default\">\n\t\t\t\t\t<div class=\"elementor-column elementor-col-100 elementor-top-column elementor-element elementor-element-cf6df58\" data-id=\"cf6df58\" data-element_type=\"column\" data-e-type=\"column\">\n\t\t\t<div class=\"elementor-widget-wrap elementor-element-populated\">\n\t\t\t\t\t\t<div class=\"elementor-element elementor-element-2afc915 elementor-widget elementor-widget-heading\" data-id=\"2afc915\" data-element_type=\"widget\" data-e-type=\"widget\" data-widget_type=\"heading.default\">\n\t\t\t\t\t<h2 class=\"elementor-heading-title elementor-size-default\">Vos avis<\/h2>\t\t\t\t<\/div>\n\t\t\t\t<div class=\"elementor-element elementor-element-dfdbdc7 elementor-widget elementor-widget-heading\" data-id=\"dfdbdc7\" data-element_type=\"widget\" data-e-type=\"widget\" data-widget_type=\"heading.default\">\n\t\t\t\t\t<h3 class=\"elementor-heading-title elementor-size-default\">Les clients en parlent !<\/h3>\t\t\t\t<\/div>\n\t\t\t\t<section class=\"elementor-section elementor-inner-section elementor-element elementor-element-4418816 elementor-section-content-middle elementor-section-boxed elementor-section-height-default elementor-section-height-default\" data-id=\"4418816\" data-element_type=\"section\" data-e-type=\"section\">\n\t\t\t\t\t\t<div class=\"elementor-container elementor-column-gap-default\">\n\t\t\t\t\t<div class=\"elementor-column elementor-col-50 elementor-inner-column elementor-element elementor-element-71b485d\" data-id=\"71b485d\" data-element_type=\"column\" data-e-type=\"column\">\n\t\t\t<div class=\"elementor-widget-wrap elementor-element-populated\">\n\t\t\t\t\t\t<div class=\"elementor-element elementor-element-23c9322 elementor-widget elementor-widget-image\" data-id=\"23c9322\" data-element_type=\"widget\" data-e-type=\"widget\" data-widget_type=\"image.default\">\n\t\t\t\t\t\t\t\t\t\t\t\t\t\t\t<img decoding=\"async\" width=\"1024\" height=\"1024\" src=\"https:\/\/www.potipotin.fr\/wp-content\/uploads\/2025\/12\/WhatsApp-Image-2025-12-30-at-14.21.29-1024x1024.jpeg\" class=\"attachment-large size-large wp-image-1108\" alt=\"\" srcset=\"https:\/\/www.potipotin.fr\/wp-content\/uploads\/2025\/12\/WhatsApp-Image-2025-12-30-at-14.21.29-1024x1024.jpeg 1024w, https:\/\/www.potipotin.fr\/wp-content\/uploads\/2025\/12\/WhatsApp-Image-2025-12-30-at-14.21.29-300x300.jpeg 300w, https:\/\/www.potipotin.fr\/wp-content\/uploads\/2025\/12\/WhatsApp-Image-2025-12-30-at-14.21.29-150x150.jpeg 150w, https:\/\/www.potipotin.fr\/wp-content\/uploads\/2025\/12\/WhatsApp-Image-2025-12-30-at-14.21.29-768x768.jpeg 768w, https:\/\/www.potipotin.fr\/wp-content\/uploads\/2025\/12\/WhatsApp-Image-2025-12-30-at-14.21.29-1536x1536.jpeg 1536w, https:\/\/www.potipotin.fr\/wp-content\/uploads\/2025\/12\/WhatsApp-Image-2025-12-30-at-14.21.29-600x600.jpeg 600w, https:\/\/www.potipotin.fr\/wp-content\/uploads\/2025\/12\/WhatsApp-Image-2025-12-30-at-14.21.29-100x100.jpeg 100w, https:\/\/www.potipotin.fr\/wp-content\/uploads\/2025\/12\/WhatsApp-Image-2025-12-30-at-14.21.29-rotated.jpeg 2048w\" sizes=\"(max-width: 1024px) 100vw, 1024px\" \/>\t\t\t\t\t\t\t\t\t\t\t\t\t\t\t<\/div>\n\t\t\t\t\t<\/div>\n\t\t<\/div>\n\t\t\t\t<div class=\"elementor-column elementor-col-50 elementor-inner-column elementor-element elementor-element-65eff26\" data-id=\"65eff26\" data-element_type=\"column\" data-e-type=\"column\">\n\t\t\t<div class=\"elementor-widget-wrap elementor-element-populated\">\n\t\t\t\t\t\t<div class=\"elementor-element elementor-element-803f8f8 no-margin elementor-widget elementor-widget-heading\" data-id=\"803f8f8\" data-element_type=\"widget\" data-e-type=\"widget\" data-widget_type=\"heading.default\">\n\t\t\t\t\t<h2 class=\"elementor-heading-title elementor-size-default\">Lucas B. (google avis)<\/h2>\t\t\t\t<\/div>\n\t\t\t\t<div class=\"elementor-element elementor-element-d927b47 elementor-widget elementor-widget-heading\" data-id=\"d927b47\" data-element_type=\"widget\" data-e-type=\"widget\" data-widget_type=\"heading.default\">\n\t\t\t\t\t<p class=\"elementor-heading-title elementor-size-default\"><span style=\", Arial, sans-serif;font-size: 14px;font-style: normal;font-weight: 400;letter-spacing: normal\">\"J'ai fais une commande pour offrir un cadeau \u00e0 ma ni\u00e8ce de 3 ans, Elle est trop contente, tr\u00e8s \u00e0 l'aise avec les scratchs, et les retours de ses parents sont tr\u00e8s bons, ils aiment la taille des petits imagiers pour emporter partout. Tr\u00e8s tr\u00e8s content de mon achat en tout cas\"<\/span><\/p>\t\t\t\t<\/div>\n\t\t\t\t\t<\/div>\n\t\t<\/div>\n\t\t\t\t\t<\/div>\n\t\t<\/section>\n\t\t\t\t<section class=\"elementor-section elementor-inner-section elementor-element elementor-element-812625b elementor-section-content-middle elementor-reverse-mobile elementor-section-boxed elementor-section-height-default elementor-section-height-default\" data-id=\"812625b\" data-element_type=\"section\" data-e-type=\"section\">\n\t\t\t\t\t\t<div class=\"elementor-container elementor-column-gap-default\">\n\t\t\t\t\t<div class=\"elementor-column elementor-col-50 elementor-inner-column elementor-element elementor-element-0180cab\" data-id=\"0180cab\" data-element_type=\"column\" data-e-type=\"column\">\n\t\t\t<div class=\"elementor-widget-wrap elementor-element-populated\">\n\t\t\t\t\t\t<div class=\"elementor-element elementor-element-5862a7b no-margin elementor-widget elementor-widget-heading\" data-id=\"5862a7b\" data-element_type=\"widget\" data-e-type=\"widget\" data-widget_type=\"heading.default\">\n\t\t\t\t\t<h2 class=\"elementor-heading-title elementor-size-default\">Louna M. (google avis)<\/h2>\t\t\t\t<\/div>\n\t\t\t\t<div class=\"elementor-element elementor-element-bb94d3c elementor-widget elementor-widget-heading\" data-id=\"bb94d3c\" data-element_type=\"widget\" data-e-type=\"widget\" data-widget_type=\"heading.default\">\n\t\t\t\t\t<p class=\"elementor-heading-title elementor-size-default\">\"<a href=\"https:\/\/www.google.com\/search?sa=X&amp;sca_esv=4c3fd08379a07a1b&amp;rlz=1C1VDKB_enFR1111FR1111&amp;biw=1280&amp;bih=593&amp;sxsrf=AE3TifNOEKHUfkDw7o85tyLWohReG7N1QA:1766435162914&amp;q=avis%20sur%20potipotin%20pessac&amp;rflfq=1&amp;num=20&amp;stick=H4sIAAAAAAAAAONgkxK2NDAxtDA1MTU0MjAwsDSwMDA23sDI-IpRMrEss1ihuLRIoSC_JBOE8xQKUouLE5MXseKWAwC7itf9UgAAAA&amp;rldimm=9041854512000908033&amp;tbm=lcl&amp;hl=fr-FR&amp;ved=0CAgQ5foLahcKEwiYtNbjg9KRAxUAAAAAHQAAAAAQBQ#lkt=LocalPoiReviews&amp;arid=Ci9DQUlRQUNvZENodHljRjlvT2pkYWQzUnFUWEprWnpkZlFubERSbWhKTlVWbVkzYxAB\" style=\"font-style: normal;font-weight: 400;cursor: pointer;, Arial, sans-serif;font-size: 14px;letter-spacing: normal\"><div style=\"margin-top: 8px\"><span style=\", Arial, sans-serif;font-size: 14px;font-weight: 400;line-height: 20px;overflow: hidden\">Cr\u00e9atrice passionn\u00e9e qui effectue un travail minutieux. Pour \u00e9veiller la curiosit\u00e9 et les connaissances des petits, potipotin est l'opportunit\u00e9 id\u00e9ale !<\/span><\/div><\/a>\"<\/p>\t\t\t\t<\/div>\n\t\t\t\t\t<\/div>\n\t\t<\/div>\n\t\t\t\t<div class=\"elementor-column elementor-col-50 elementor-inner-column elementor-element elementor-element-7feced3\" data-id=\"7feced3\" data-element_type=\"column\" data-e-type=\"column\">\n\t\t\t<div class=\"elementor-widget-wrap elementor-element-populated\">\n\t\t\t\t\t\t<div class=\"elementor-element elementor-element-c53d8c0 elementor-widget elementor-widget-image\" data-id=\"c53d8c0\" data-element_type=\"widget\" data-e-type=\"widget\" data-widget_type=\"image.default\">\n\t\t\t\t\t\t\t\t\t\t\t\t\t\t\t<img decoding=\"async\" width=\"768\" height=\"1024\" src=\"https:\/\/www.potipotin.fr\/wp-content\/uploads\/2025\/12\/WhatsApp-Image-2025-12-22-at-11.03.06-1-768x1024.jpeg\" class=\"attachment-large size-large wp-image-725\" alt=\"\" srcset=\"https:\/\/www.potipotin.fr\/wp-content\/uploads\/2025\/12\/WhatsApp-Image-2025-12-22-at-11.03.06-1-768x1024.jpeg 768w, https:\/\/www.potipotin.fr\/wp-content\/uploads\/2025\/12\/WhatsApp-Image-2025-12-22-at-11.03.06-1-225x300.jpeg 225w, https:\/\/www.potipotin.fr\/wp-content\/uploads\/2025\/12\/WhatsApp-Image-2025-12-22-at-11.03.06-1.jpeg 1536w\" sizes=\"(max-width: 768px) 100vw, 768px\" \/>\t\t\t\t\t\t\t\t\t\t\t\t\t\t\t<\/div>\n\t\t\t\t\t<\/div>\n\t\t<\/div>\n\t\t\t\t\t<\/div>\n\t\t<\/section>\n\t\t\t\t\t<\/div>\n\t\t<\/div>\n\t\t\t\t\t<\/div>\n\t\t<\/section>\n\t\t\t\t<\/div>\n\t\t","protected":false},"excerpt":{"rendered":"<p>Qui suis-je ? Je suis une passionn\u00e9e de d\u00e9veloppement de l&rsquo;enfant depuis aussi loin que je me souvienne. D\u00e8s 17 ans : j\u2019ai pass\u00e9 mon BAFA. J\u2019ai travaill\u00e9 dans un centre de loisirs niveau maternelle \u00e9t\u00e9 et vacances scolaires, 7 ann\u00e9es d\u2019exp\u00e9riences enrichissantes d\u2019\u00e9ducation informelle, \u00e0 suivre les enfants et leurs \u00e9volutions d\u2019ann\u00e9e en ann\u00e9e. [&hellip;]<\/p>\n","protected":false},"author":1,"featured_media":0,"parent":0,"menu_order":0,"comment_status":"closed","ping_status":"closed","template":"","meta":{"ocean_post_layout":"full-screen","ocean_both_sidebars_style":"","ocean_both_sidebars_content_width":0,"ocean_both_sidebars_sidebars_width":0,"ocean_sidebar":"0","ocean_second_sidebar":"0","ocean_disable_margins":"enable","ocean_add_body_class":"","ocean_shortcode_before_top_bar":"","ocean_shortcode_after_top_bar":"","ocean_shortcode_before_header":"","ocean_shortcode_after_header":"","ocean_has_shortcode":"","ocean_shortcode_after_title":"","ocean_shortcode_before_footer_widgets":"","ocean_shortcode_after_footer_widgets":"","ocean_shortcode_before_footer_bottom":"","ocean_shortcode_after_footer_bottom":"","ocean_display_top_bar":"default","ocean_display_header":"default","ocean_header_style":"","ocean_center_header_left_menu":"0","ocean_custom_header_template":"0","ocean_custom_logo":0,"ocean_custom_retina_logo":0,"ocean_custom_logo_max_width":0,"ocean_custom_logo_tablet_max_width":0,"ocean_custom_logo_mobile_max_width":0,"ocean_custom_logo_max_height":0,"ocean_custom_logo_tablet_max_height":0,"ocean_custom_logo_mobile_max_height":0,"ocean_header_custom_menu":"0","ocean_menu_typo_font_family":"0","ocean_menu_typo_font_subset":"","ocean_menu_typo_font_size":0,"ocean_menu_typo_font_size_tablet":0,"ocean_menu_typo_font_size_mobile":0,"ocean_menu_typo_font_size_unit":"px","ocean_menu_typo_font_weight":"","ocean_menu_typo_font_weight_tablet":"","ocean_menu_typo_font_weight_mobile":"","ocean_menu_typo_transform":"","ocean_menu_typo_transform_tablet":"","ocean_menu_typo_transform_mobile":"","ocean_menu_typo_line_height":0,"ocean_menu_typo_line_height_tablet":0,"ocean_menu_typo_line_height_mobile":0,"ocean_menu_typo_line_height_unit":"","ocean_menu_typo_spacing":0,"ocean_menu_typo_spacing_tablet":0,"ocean_menu_typo_spacing_mobile":0,"ocean_menu_typo_spacing_unit":"","ocean_menu_link_color":"","ocean_menu_link_color_hover":"","ocean_menu_link_color_active":"","ocean_menu_link_background":"","ocean_menu_link_hover_background":"","ocean_menu_link_active_background":"","ocean_menu_social_links_bg":"","ocean_menu_social_hover_links_bg":"","ocean_menu_social_links_color":"","ocean_menu_social_hover_links_color":"","ocean_disable_title":"on","ocean_disable_heading":"on","ocean_post_title":"","ocean_post_subheading":"","ocean_post_title_style":"","ocean_post_title_background_color":"","ocean_post_title_background":0,"ocean_post_title_bg_image_position":"","ocean_post_title_bg_image_attachment":"","ocean_post_title_bg_image_repeat":"","ocean_post_title_bg_image_size":"","ocean_post_title_height":0,"ocean_post_title_bg_overlay":0.5,"ocean_post_title_bg_overlay_color":"","ocean_disable_breadcrumbs":"off","ocean_breadcrumbs_color":"","ocean_breadcrumbs_separator_color":"","ocean_breadcrumbs_links_color":"","ocean_breadcrumbs_links_hover_color":"","ocean_display_footer_widgets":"default","ocean_display_footer_bottom":"default","ocean_custom_footer_template":"0","omw_enable_modal_window":"enable","footnotes":""},"class_list":["post-35","page","type-page","status-publish","hentry","entry","owp-thumbs-layout-horizontal","owp-btn-normal","owp-tabs-layout-horizontal","has-no-thumbnails","has-product-nav"],"_links":{"self":[{"href":"https:\/\/www.potipotin.fr\/index.php\/wp-json\/wp\/v2\/pages\/35","targetHints":{"allow":["GET"]}}],"collection":[{"href":"https:\/\/www.potipotin.fr\/index.php\/wp-json\/wp\/v2\/pages"}],"about":[{"href":"https:\/\/www.potipotin.fr\/index.php\/wp-json\/wp\/v2\/types\/page"}],"author":[{"embeddable":true,"href":"https:\/\/www.potipotin.fr\/index.php\/wp-json\/wp\/v2\/users\/1"}],"replies":[{"embeddable":true,"href":"https:\/\/www.potipotin.fr\/index.php\/wp-json\/wp\/v2\/comments?post=35"}],"version-history":[{"count":39,"href":"https:\/\/www.potipotin.fr\/index.php\/wp-json\/wp\/v2\/pages\/35\/revisions"}],"predecessor-version":[{"id":1265,"href":"https:\/\/www.potipotin.fr\/index.php\/wp-json\/wp\/v2\/pages\/35\/revisions\/1265"}],"wp:attachment":[{"href":"https:\/\/www.potipotin.fr\/index.php\/wp-json\/wp\/v2\/media?parent=35"}],"curies":[{"name":"wp","href":"https:\/\/api.w.org\/{rel}","templated":true}]}}